{"id":326,"date":"2025-03-20T08:19:18","date_gmt":"2025-03-20T01:19:18","guid":{"rendered":"https:\/\/viettoken.com\/?page_id=326"},"modified":"2025-03-20T08:33:39","modified_gmt":"2025-03-20T01:33:39","slug":"disclaimer","status":"publish","type":"page","link":"https:\/\/viettoken.com\/vi\/disclaimer\/","title":{"rendered":"Tuy\u00ean B\u00f4\u0301"},"content":{"rendered":"<h4 class=\"wp-block-heading\"><strong>1. Th\u00f4ng tin chung<\/strong><\/h4>\n\n\n\n<p>Th\u00f4ng tin \u0111\u01b0\u1ee3c cung c\u1ea5p tr\u00ean <strong>Viet Token<\/strong> (the \u201cWebsite\u201d) is for general informational and educational purposes only. While we strive to keep the content accurate and up-to-date, we make no representations or warranties of any kind, express or implied, about the completeness, accuracy, reliability, suitability, or availability of the information contained on this Website. Any reliance you place on such information is strictly at your own risk.<\/p>\n\n\n\n<h4 class=\"wp-block-heading\"><strong>2. Kh\u00f4ng c\u00f3 l\u1eddi khuy\u00ean v\u1ec1 t\u00e0i ch\u00ednh ho\u1eb7c \u0111\u1ea7u t\u01b0<\/strong><\/h4>\n\n\n\n<p>N\u1ed9i dung \u0111\u01b0\u1ee3c cung c\u1ea5p tr\u00ean Trang web n\u00e0y kh\u00f4ng c\u1ea5u th\u00e0nh t\u01b0 v\u1ea5n t\u00e0i ch\u00ednh, \u0111\u1ea7u t\u01b0, ph\u00e1p l\u00fd ho\u1eb7c chuy\u00ean m\u00f4n. C\u00e1c kho\u1ea3n \u0111\u1ea7u t\u01b0 li\u00ean quan \u0111\u1ebfn ti\u1ec1n \u0111i\u1ec7n t\u1eed v\u00e0 blockchain c\u00f3 t\u00ednh bi\u1ebfn \u0111\u1ed9ng cao v\u00e0 mang t\u00ednh \u0111\u1ea7u c\u01a1. Tr\u01b0\u1edbc khi \u0111\u01b0a ra b\u1ea5t k\u1ef3 quy\u1ebft \u0111\u1ecbnh \u0111\u1ea7u t\u01b0 ho\u1eb7c t\u00e0i ch\u00ednh n\u00e0o, b\u1ea1n n\u00ean t\u1ef1 nghi\u00ean c\u1ee9u v\u00e0 tham kh\u1ea3o \u00fd ki\u1ebfn c\u1ee7a c\u1ed1 v\u1ea5n t\u00e0i ch\u00ednh \u0111\u1ee7 ti\u00eau chu\u1ea9n. Ch\u00fang t\u00f4i kh\u00f4ng ch\u1ecbu b\u1ea5t k\u1ef3 tr\u00e1ch nhi\u1ec7m n\u00e0o \u0111\u1ed1i v\u1edbi b\u1ea5t k\u1ef3 t\u1ed5n th\u1ea5t ho\u1eb7c thi\u1ec7t h\u1ea1i n\u00e0o c\u00f3 th\u1ec3 ph\u00e1t sinh do b\u1ea1n tin t\u01b0\u1edfng v\u00e0o th\u00f4ng tin \u0111\u01b0\u1ee3c tr\u00ecnh b\u00e0y \u1edf \u0111\u00e2y.<\/p>\n\n\n\n<h4 class=\"wp-block-heading\"><strong>3. Kh\u00f4ng c\u00f3 s\u1ef1 \u0111\u1ea3m b\u1ea3o n\u00e0o tr\u00ean th\u1ecb tr\u01b0\u1eddng ti\u1ec1n \u0111i\u1ec7n t\u1eed<\/strong><\/h4>\n\n\n\n<p>Th\u1ecb tr\u01b0\u1eddng ti\u1ec1n \u0111i\u1ec7n t\u1eed l\u00e0 kh\u00f4ng th\u1ec3 \u0111o\u00e1n tr\u01b0\u1edbc v\u00e0 hi\u1ec7u su\u1ea5t trong qu\u00e1 kh\u1ee9 kh\u00f4ng ch\u1ec9 ra k\u1ebft qu\u1ea3 trong t\u01b0\u01a1ng lai. B\u1ea5t k\u1ef3 \u00fd ki\u1ebfn, ph\u00e2n t\u00edch ho\u1eb7c khuy\u1ebfn ngh\u1ecb n\u00e0o \u0111\u01b0\u1ee3c cung c\u1ea5p tr\u00ean Trang web n\u00e0y \u0111\u1ec1u l\u00e0 \u00fd ki\u1ebfn c\u00e1 nh\u00e2n v\u00e0 kh\u00f4ng n\u00ean \u0111\u01b0\u1ee3c coi l\u00e0 l\u1eddi khuy\u00ean t\u00e0i ch\u00ednh. Gi\u00e1 c\u1ea3, xu h\u01b0\u1edbng th\u1ecb tr\u01b0\u1eddng v\u00e0 quy \u0111\u1ecbnh c\u00f3 th\u1ec3 thay \u0111\u1ed5i m\u00e0 kh\u00f4ng c\u1ea7n th\u00f4ng b\u00e1o.<\/p>\n\n\n\n<h4 class=\"wp-block-heading\"><strong>4. B\u1ea3o m\u1eadt v\u00e0 tr\u00e1ch nhi\u1ec7m t\u00e0i kho\u1ea3n<\/strong><\/h4>\n\n\n\n<p>Ng\u01b0\u1eddi d\u00f9ng ho\u00e0n to\u00e0n ch\u1ecbu tr\u00e1ch nhi\u1ec7m duy tr\u00ec t\u00ednh b\u1ea3o m\u1eadt v\u00e0 an to\u00e0n cho t\u00e0i kho\u1ea3n, m\u1eadt kh\u1ea9u v\u00e0 m\u1ecdi th\u00f4ng tin c\u00e1 nh\u00e2n \u0111\u01b0\u1ee3c s\u1eed d\u1ee5ng tr\u00ean Trang web n\u00e0y. Ch\u00fang t\u00f4i \u0111\u1eb7c bi\u1ec7t khuy\u1ebfn ngh\u1ecb s\u1eed d\u1ee5ng m\u1eadt kh\u1ea9u m\u1ea1nh v\u00e0 k\u00edch ho\u1ea1t c\u00e1c bi\u1ec7n ph\u00e1p b\u1ea3o m\u1eadt b\u1ed5 sung khi c\u00f3 th\u1ec3. <strong><strong>Viet Token<\/strong><\/strong> s\u1ebd kh\u00f4ng ch\u1ecbu tr\u00e1ch nhi\u1ec7m cho b\u1ea5t k\u1ef3 m\u1ea5t m\u00e1t, truy c\u1eadp tr\u00e1i ph\u00e9p ho\u1eb7c thi\u1ec7t h\u1ea1i n\u00e0o do m\u1ea5t th\u00f4ng tin t\u00e0i kho\u1ea3n, r\u00f2 r\u1ec9 m\u1eadt kh\u1ea9u, t\u1ea5n c\u00f4ng hack, t\u1ea5n c\u00f4ng l\u1eeba \u0111\u1ea3o ho\u1eb7c b\u1ea5t k\u1ef3 vi ph\u1ea1m b\u1ea3o m\u1eadt n\u00e0o kh\u00e1c \u1ea3nh h\u01b0\u1edfng \u0111\u1ebfn t\u00e0i kho\u1ea3n c\u1ee7a b\u1ea1n. <strong>Ch\u00fang t\u00f4i s\u1ebd kh\u00f4ng ho\u00e0n tr\u1ea3 ho\u1eb7c b\u1ed3i th\u01b0\u1eddng cho ng\u01b0\u1eddi d\u00f9ng v\u1ec1 b\u1ea5t k\u1ef3 t\u1ed5n th\u1ea5t n\u00e0o li\u00ean quan \u0111\u1ebfn t\u00e0i kho\u1ea3n b\u1ecb x\u00e2m ph\u1ea1m.<\/strong><\/p>\n\n\n\n<h4 class=\"wp-block-heading\"><strong>5. Tuy\u00ean b\u1ed1 mi\u1ec5n tr\u1eeb li\u00ean k\u1ebft ngo\u00e0i<\/strong><\/h4>\n\n\n\n<p>Trang web n\u00e0y c\u00f3 th\u1ec3 ch\u1ee9a c\u00e1c li\u00ean k\u1ebft \u0111\u1ebfn c\u00e1c trang web ho\u1eb7c d\u1ecbch v\u1ee5 c\u1ee7a b\u00ean th\u1ee9 ba kh\u00f4ng thu\u1ed9c s\u1edf h\u1eefu ho\u1eb7c ki\u1ec3m so\u00e1t c\u1ee7a ch\u00fang t\u00f4i. Ch\u00fang t\u00f4i kh\u00f4ng x\u00e1c nh\u1eadn, \u0111\u1ea3m b\u1ea3o ho\u1eb7c ch\u1ecbu tr\u00e1ch nhi\u1ec7m v\u1ec1 t\u00ednh ch\u00ednh x\u00e1c ho\u1eb7c \u0111\u1ed9 tin c\u1eady c\u1ee7a b\u1ea5t k\u1ef3 th\u00f4ng tin n\u00e0o do c\u00e1c trang web c\u1ee7a b\u00ean th\u1ee9 ba cung c\u1ea5p \u0111\u01b0\u1ee3c li\u00ean k\u1ebft th\u00f4ng qua Trang web n\u00e0y. Vi\u1ec7c truy c\u1eadp c\u00e1c li\u00ean k\u1ebft b\u00ean ngo\u00e0i l\u00e0 do b\u1ea1n t\u1ef1 ch\u1ecbu r\u1ee7i ro.<\/p>\n\n\n\n<h4 class=\"wp-block-heading\"><strong>6. Ti\u1ebft l\u1ed9 li\u00ean k\u1ebft<\/strong><\/h4>\n\n\n\n<p>M\u1ed9t s\u1ed1 li\u00ean k\u1ebft tr\u00ean Trang web n\u00e0y c\u00f3 th\u1ec3 l\u00e0 li\u00ean k\u1ebft li\u00ean k\u1ebft. \u0110i\u1ec1u n\u00e0y c\u00f3 ngh\u0129a l\u00e0 ch\u00fang t\u00f4i c\u00f3 th\u1ec3 ki\u1ebfm \u0111\u01b0\u1ee3c hoa h\u1ed3ng n\u1ebfu b\u1ea1n nh\u1ea5p v\u00e0o li\u00ean k\u1ebft v\u00e0 mua h\u00e0ng. Tuy nhi\u00ean, \u0111i\u1ec1u n\u00e0y kh\u00f4ng \u1ea3nh h\u01b0\u1edfng \u0111\u1ebfn t\u00ednh to\u00e0n v\u1eb9n n\u1ed9i dung c\u1ee7a ch\u00fang t\u00f4i v\u00e0 ch\u00fang t\u00f4i ch\u1ec9 gi\u1edbi thi\u1ec7u c\u00e1c s\u1ea3n ph\u1ea9m ho\u1eb7c d\u1ecbch v\u1ee5 m\u00e0 ch\u00fang t\u00f4i tin l\u00e0 c\u00f3 gi\u00e1 tr\u1ecb \u0111\u1ed1i v\u1edbi ng\u01b0\u1eddi d\u00f9ng c\u1ee7a m\u00ecnh.<\/p>\n\n\n\n<h4 class=\"wp-block-heading\"><strong>7. Gi\u1edbi h\u1ea1n tr\u00e1ch nhi\u1ec7m<\/strong><\/h4>\n\n\n\n<p>\u1ede m\u1ee9c \u0111\u1ed9 t\u1ed1i \u0111a \u0111\u01b0\u1ee3c ph\u00e1p lu\u1eadt cho ph\u00e9p, <strong><strong>Viet Token<\/strong><\/strong> v\u00e0 ch\u1ee7 s\u1edf h\u1eefu, chi nh\u00e1nh, ng\u01b0\u1eddi \u0111\u00f3ng g\u00f3p v\u00e0 nh\u00e2n vi\u00ean c\u1ee7a n\u00f3 s\u1ebd kh\u00f4ng ch\u1ecbu tr\u00e1ch nhi\u1ec7m cho b\u1ea5t k\u1ef3 thi\u1ec7t h\u1ea1i tr\u1ef1c ti\u1ebfp, gi\u00e1n ti\u1ebfp, ng\u1eabu nhi\u00ean, h\u1eadu qu\u1ea3 ho\u1eb7c tr\u1eebng ph\u1ea1t n\u00e0o ph\u00e1t sinh t\u1eeb vi\u1ec7c b\u1ea1n s\u1eed d\u1ee5ng Trang web n\u00e0y. \u0110i\u1ec1u n\u00e0y bao g\u1ed3m, nh\u01b0ng kh\u00f4ng gi\u1edbi h\u1ea1n \u1edf, l\u1ed7i, s\u1ef1 kh\u00f4ng ch\u00ednh x\u00e1c ho\u1eb7c b\u1ea5t k\u1ef3 t\u1ed5n th\u1ea5t t\u00e0i ch\u00ednh n\u00e0o ph\u00e1t sinh.<\/p>\n\n\n\n<h4 class=\"wp-block-heading\"><strong>8. Nh\u1eefng thay \u0111\u1ed5i \u0111\u1ed1i v\u1edbi Tuy\u00ean b\u1ed1 mi\u1ec5n tr\u1eeb tr\u00e1ch nhi\u1ec7m n\u00e0y<\/strong><\/h4>\n\n\n\n<p>Ch\u00fang t\u00f4i c\u00f3 quy\u1ec1n c\u1eadp nh\u1eadt, s\u1eeda \u0111\u1ed5i ho\u1eb7c x\u00f3a Tuy\u00ean b\u1ed1 mi\u1ec5n tr\u1eeb tr\u00e1ch nhi\u1ec7m n\u00e0y b\u1ea5t k\u1ef3 l\u00fac n\u00e0o m\u00e0 kh\u00f4ng c\u1ea7n th\u00f4ng b\u00e1o tr\u01b0\u1edbc. B\u1ea1n c\u00f3 tr\u00e1ch nhi\u1ec7m xem l\u1ea1i trang n\u00e0y \u0111\u1ecbnh k\u1ef3 \u0111\u1ec3 bi\u1ebft b\u1ea5t k\u1ef3 thay \u0111\u1ed5i n\u00e0o.<\/p>\n\n\n\n<h4 class=\"wp-block-heading\"><strong>9. Th\u00f4ng tin li\u00ean l\u1ea1c<\/strong><\/h4>\n\n\n\n<p>N\u1ebfu b\u1ea1n c\u00f3 b\u1ea5t k\u1ef3 c\u00e2u h\u1ecfi n\u00e0o v\u1ec1 Tuy\u00ean b\u1ed1 mi\u1ec5n tr\u1eeb tr\u00e1ch nhi\u1ec7m n\u00e0y, vui l\u00f2ng li\u00ean h\u1ec7 v\u1edbi ch\u00fang t\u00f4i t\u1ea1i <strong>info@viettoken.net<\/strong><\/p>","protected":false},"excerpt":{"rendered":"<p>1. General Information The information provided on Viet Token (the \u201cWebsite\u201d) is for general informational and educational purposes only. While we strive to keep the content accurate and up-to-date, we make no representations or warranties of any kind, express or implied, about the completeness, accuracy, reliability, suitability, or availability of the information contained on this [&hellip;]<\/p>\n","protected":false},"author":2,"featured_media":0,"parent":0,"menu_order":0,"comment_status":"closed","ping_status":"closed","template":"","meta":{"saved_in_kubio":false,"footnotes":""},"class_list":["post-326","page","type-page","status-publish","hentry"],"kubio_ai_page_context":{"short_desc":"","purpose":"general"},"_links":{"self":[{"href":"https:\/\/viettoken.com\/vi\/wp-json\/wp\/v2\/pages\/326","targetHints":{"allow":["GET"]}}],"collection":[{"href":"https:\/\/viettoken.com\/vi\/wp-json\/wp\/v2\/pages"}],"about":[{"href":"https:\/\/viettoken.com\/vi\/wp-json\/wp\/v2\/types\/page"}],"author":[{"embeddable":true,"href":"https:\/\/viettoken.com\/vi\/wp-json\/wp\/v2\/users\/2"}],"replies":[{"embeddable":true,"href":"https:\/\/viettoken.com\/vi\/wp-json\/wp\/v2\/comments?post=326"}],"version-history":[{"count":3,"href":"https:\/\/viettoken.com\/vi\/wp-json\/wp\/v2\/pages\/326\/revisions"}],"predecessor-version":[{"id":329,"href":"https:\/\/viettoken.com\/vi\/wp-json\/wp\/v2\/pages\/326\/revisions\/329"}],"wp:attachment":[{"href":"https:\/\/viettoken.com\/vi\/wp-json\/wp\/v2\/media?parent=326"}],"curies":[{"name":"wp","href":"https:\/\/api.w.org\/{rel}","templated":true}]}}